{"id":2933,"date":"2022-10-22T16:15:11","date_gmt":"2022-10-22T16:15:11","guid":{"rendered":"https:\/\/kesklinnahambaravi.ee\/broneeri-aeg\/"},"modified":"2026-03-31T08:42:30","modified_gmt":"2026-03-31T08:42:30","slug":"book-appointment","status":"publish","type":"page","link":"https:\/\/kesklinnahambaravi.ee\/en\/book-appointment\/","title":{"rendered":"Book appointment"},"content":{"rendered":"[vc_row type=&#8221;in_container&#8221; full_screen_row_position=&#8221;middle&#8221; column_margin=&#8221;default&#8221; column_direction=&#8221;default&#8221; column_direction_tablet=&#8221;default&#8221; column_direction_phone=&#8221;default&#8221; scene_position=&#8221;center&#8221; text_color=&#8221;dark&#8221; text_align=&#8221;left&#8221; row_border_radius=&#8221;none&#8221; row_border_radius_applies=&#8221;bg&#8221; overflow=&#8221;visible&#8221; class=&#8221;default-inner-row-padding&#8221; overlay_strength=&#8221;0.3&#8243; gradient_direction=&#8221;left_to_right&#8221; shape_divider_position=&#8221;bottom&#8221; bg_image_animation=&#8221;none&#8221; gradient_type=&#8221;default&#8221; shape_type=&#8221;&#8221;][vc_column column_padding=&#8221;no-extra-padding&#8221; column_padding_tablet=&#8221;inherit&#8221; column_padding_phone=&#8221;inherit&#8221; column_padding_position=&#8221;all&#8221; column_element_direction_desktop=&#8221;default&#8221; column_element_spacing=&#8221;default&#8221; desktop_text_alignment=&#8221;default&#8221; tablet_text_alignment=&#8221;default&#8221; phone_text_alignment=&#8221;default&#8221; background_color_opacity=&#8221;1&#8243; background_hover_color_opacity=&#8221;1&#8243; column_backdrop_filter=&#8221;none&#8221; column_shadow=&#8221;none&#8221; column_border_radius=&#8221;none&#8221; column_link_target=&#8221;_self&#8221; column_position=&#8221;default&#8221; gradient_direction=&#8221;left_to_right&#8221; overlay_strength=&#8221;0.3&#8243; width=&#8221;1\/1&#8243; tablet_width_inherit=&#8221;default&#8221; animation_type=&#8221;default&#8221; enable_animation=&#8221;true&#8221; animation=&#8221;fade-in-from-bottom&#8221; animation_easing=&#8221;default&#8221; bg_image_animation=&#8221;none&#8221; border_type=&#8221;simple&#8221; column_border_width=&#8221;none&#8221; column_border_style=&#8221;solid&#8221; column_padding_type=&#8221;default&#8221; gradient_type=&#8221;default&#8221;][vc_raw_html]JTNDaWZyYW1lJTIwc3JjJTNEJTIyaHR0cHMlM0ElMkYlMkZjb25uZWN0ZWRzZXJ2ZXIuZXUlMkZDb25uZWN0ZWRPbmxpbmVYJTJGZGVmYXVsdC5hc3B4JTNGa2V5JTNERGgxT0JseU4lMjZsYW5nJTNEZW4lMjIlMjBzdHlsZSUzRCUyN2hlaWdodCUzQTgwMHB4JTNCd2lkdGglM0E5MCUyNSUzQiUyNyUyMGZyYW1lQm9yZGVyJTNEJTI3MCUyNyUyMCUzRSUzQyUyRmlmcmFtZSUzRQ==[\/vc_raw_html][\/vc_column][\/vc_row]\n","protected":false},"excerpt":{"rendered":"<p>[vc_row type=&#8221;in_container&#8221; full_screen_row_position=&#8221;middle&#8221; column_margin=&#8221;default&#8221; column_direction=&#8221;default&#8221; column_direction_tablet=&#8221;default&#8221; column_direction_phone=&#8221;default&#8221; scene_position=&#8221;center&#8221; text_color=&#8221;dark&#8221; text_align=&#8221;left&#8221; row_border_radius=&#8221;none&#8221; row_border_radius_applies=&#8221;bg&#8221; overflow=&#8221;visible&#8221; class=&#8221;default-inner-row-padding&#8221; overlay_strength=&#8221;0.3&#8243; gradient_direction=&#8221;left_to_right&#8221; shape_divider_position=&#8221;bottom&#8221; bg_image_animation=&#8221;none&#8221; gradient_type=&#8221;default&#8221; shape_type=&#8221;&#8221;][vc_column column_padding=&#8221;no-extra-padding&#8221; column_padding_tablet=&#8221;inherit&#8221; column_padding_phone=&#8221;inherit&#8221; column_padding_position=&#8221;all&#8221; column_element_direction_desktop=&#8221;default&#8221; column_element_spacing=&#8221;default&#8221; desktop_text_alignment=&#8221;default&#8221; tablet_text_alignment=&#8221;default&#8221; phone_text_alignment=&#8221;default&#8221; background_color_opacity=&#8221;1&#8243;&#8230;<\/p>\n","protected":false},"author":2,"featured_media":0,"parent":0,"menu_order":3,"comment_status":"closed","ping_status":"closed","template":"page-booking.php","meta":{"inline_featured_image":false,"footnotes":"","advanced-sidebar-menu\/link-title":"","advanced-sidebar-menu\/exclude-page":false},"yoast_head":"<!-- This site is optimized with the Yoast SEO plugin v23.5 - https:\/\/yoast.com\/wordpress\/plugins\/seo\/ -->\n<title>Book appointment - Kesklinna Hambaravi Tallinnas<\/title>\n<meta name=\"description\" content=\"N\u00f5uannetest parima tulemuseni- K\u00f5ik sinu naeratuse nimel. Kliinik pakub laia valikut hambaravi teenuseid. Broneeri aeg kodulehel v\u00f5i helista +372 509 3547\" \/>\n<meta name=\"robots\" content=\"index, follow, max-snippet:-1, max-image-preview:large, max-video-preview:-1\" \/>\n<link rel=\"canonical\" href=\"https:\/\/kesklinnahambaravi.ee\/en\/book-appointment\/\" \/>\n<meta property=\"og:locale\" content=\"en_US\" \/>\n<meta property=\"og:type\" content=\"article\" \/>\n<meta property=\"og:title\" content=\"Book appointment - Kesklinna Hambaravi Tallinnas\" \/>\n<meta property=\"og:description\" content=\"N\u00f5uannetest parima tulemuseni- K\u00f5ik sinu naeratuse nimel. Kliinik pakub laia valikut hambaravi teenuseid. Broneeri aeg kodulehel v\u00f5i helista +372 509 3547\" \/>\n<meta property=\"og:url\" content=\"https:\/\/kesklinnahambaravi.ee\/en\/book-appointment\/\" \/>\n<meta property=\"og:site_name\" content=\"Kesklinna Hambaravi Tallinnas\" \/>\n<meta property=\"article:modified_time\" content=\"2026-03-31T08:42:30+00:00\" \/>\n<meta property=\"og:image\" content=\"https:\/\/kesklinnahambaravi.ee\/wp-content\/uploads\/2023\/06\/Opengraph.png\" \/>\n\t<meta property=\"og:image:width\" content=\"1200\" \/>\n\t<meta property=\"og:image:height\" content=\"630\" \/>\n\t<meta property=\"og:image:type\" content=\"image\/png\" \/>\n<meta name=\"twitter:card\" content=\"summary_large_image\" \/>\n<meta name=\"twitter:label1\" content=\"Est. reading time\" \/>\n\t<meta name=\"twitter:data1\" content=\"1 minute\" \/>\n<script type=\"application\/ld+json\" class=\"yoast-schema-graph\">{\"@context\":\"https:\/\/schema.org\",\"@graph\":[{\"@type\":\"WebPage\",\"@id\":\"https:\/\/kesklinnahambaravi.ee\/en\/book-appointment\/\",\"url\":\"https:\/\/kesklinnahambaravi.ee\/en\/book-appointment\/\",\"name\":\"Book appointment - Kesklinna Hambaravi Tallinnas\",\"isPartOf\":{\"@id\":\"https:\/\/kesklinnahambaravi.ee\/#website\"},\"datePublished\":\"2022-10-22T16:15:11+00:00\",\"dateModified\":\"2026-03-31T08:42:30+00:00\",\"description\":\"N\u00f5uannetest parima tulemuseni- K\u00f5ik sinu naeratuse nimel. Kliinik pakub laia valikut hambaravi teenuseid. Broneeri aeg kodulehel v\u00f5i helista +372 509 3547\",\"breadcrumb\":{\"@id\":\"https:\/\/kesklinnahambaravi.ee\/en\/book-appointment\/#breadcrumb\"},\"inLanguage\":\"en-US\",\"potentialAction\":[{\"@type\":\"ReadAction\",\"target\":[\"https:\/\/kesklinnahambaravi.ee\/en\/book-appointment\/\"]}]},{\"@type\":\"BreadcrumbList\",\"@id\":\"https:\/\/kesklinnahambaravi.ee\/en\/book-appointment\/#breadcrumb\",\"itemListElement\":[{\"@type\":\"ListItem\",\"position\":1,\"name\":\"Home\",\"item\":\"https:\/\/kesklinnahambaravi.ee\/en\/\"},{\"@type\":\"ListItem\",\"position\":2,\"name\":\"Book appointment\"}]},{\"@type\":\"WebSite\",\"@id\":\"https:\/\/kesklinnahambaravi.ee\/#website\",\"url\":\"https:\/\/kesklinnahambaravi.ee\/\",\"name\":\"Kesklinna Hambaravi Tallinnas\",\"description\":\"30 aastat kogemusi hambaravis\",\"publisher\":{\"@id\":\"https:\/\/kesklinnahambaravi.ee\/#organization\"},\"potentialAction\":[{\"@type\":\"SearchAction\",\"target\":{\"@type\":\"EntryPoint\",\"urlTemplate\":\"https:\/\/kesklinnahambaravi.ee\/?s={search_term_string}\"},\"query-input\":{\"@type\":\"PropertyValueSpecification\",\"valueRequired\":true,\"valueName\":\"search_term_string\"}}],\"inLanguage\":\"en-US\"},{\"@type\":\"Organization\",\"@id\":\"https:\/\/kesklinnahambaravi.ee\/#organization\",\"name\":\"Kesklinna Hambaravi\",\"url\":\"https:\/\/kesklinnahambaravi.ee\/\",\"logo\":{\"@type\":\"ImageObject\",\"inLanguage\":\"en-US\",\"@id\":\"https:\/\/kesklinnahambaravi.ee\/#\/schema\/logo\/image\/\",\"url\":\"https:\/\/kesklinnahambaravi.ee\/wp-content\/uploads\/2022\/10\/Kesklinna-Hambaravi-Logo.svg\",\"contentUrl\":\"https:\/\/kesklinnahambaravi.ee\/wp-content\/uploads\/2022\/10\/Kesklinna-Hambaravi-Logo.svg\",\"width\":210,\"height\":49,\"caption\":\"Kesklinna Hambaravi\"},\"image\":{\"@id\":\"https:\/\/kesklinnahambaravi.ee\/#\/schema\/logo\/image\/\"}}]}<\/script>\n<!-- \/ Yoast SEO plugin. -->","yoast_head_json":{"title":"Book appointment - Kesklinna Hambaravi Tallinnas","description":"N\u00f5uannetest parima tulemuseni- K\u00f5ik sinu naeratuse nimel. Kliinik pakub laia valikut hambaravi teenuseid. Broneeri aeg kodulehel v\u00f5i helista +372 509 3547","robots":{"index":"index","follow":"follow","max-snippet":"max-snippet:-1","max-image-preview":"max-image-preview:large","max-video-preview":"max-video-preview:-1"},"canonical":"https:\/\/kesklinnahambaravi.ee\/en\/book-appointment\/","og_locale":"en_US","og_type":"article","og_title":"Book appointment - Kesklinna Hambaravi Tallinnas","og_description":"N\u00f5uannetest parima tulemuseni- K\u00f5ik sinu naeratuse nimel. Kliinik pakub laia valikut hambaravi teenuseid. Broneeri aeg kodulehel v\u00f5i helista +372 509 3547","og_url":"https:\/\/kesklinnahambaravi.ee\/en\/book-appointment\/","og_site_name":"Kesklinna Hambaravi Tallinnas","article_modified_time":"2026-03-31T08:42:30+00:00","og_image":[{"width":1200,"height":630,"url":"https:\/\/kesklinnahambaravi.ee\/wp-content\/uploads\/2023\/06\/Opengraph.png","type":"image\/png"}],"twitter_card":"summary_large_image","twitter_misc":{"Est. reading time":"1 minute"},"schema":{"@context":"https:\/\/schema.org","@graph":[{"@type":"WebPage","@id":"https:\/\/kesklinnahambaravi.ee\/en\/book-appointment\/","url":"https:\/\/kesklinnahambaravi.ee\/en\/book-appointment\/","name":"Book appointment - Kesklinna Hambaravi Tallinnas","isPartOf":{"@id":"https:\/\/kesklinnahambaravi.ee\/#website"},"datePublished":"2022-10-22T16:15:11+00:00","dateModified":"2026-03-31T08:42:30+00:00","description":"N\u00f5uannetest parima tulemuseni- K\u00f5ik sinu naeratuse nimel. Kliinik pakub laia valikut hambaravi teenuseid. Broneeri aeg kodulehel v\u00f5i helista +372 509 3547","breadcrumb":{"@id":"https:\/\/kesklinnahambaravi.ee\/en\/book-appointment\/#breadcrumb"},"inLanguage":"en-US","potentialAction":[{"@type":"ReadAction","target":["https:\/\/kesklinnahambaravi.ee\/en\/book-appointment\/"]}]},{"@type":"BreadcrumbList","@id":"https:\/\/kesklinnahambaravi.ee\/en\/book-appointment\/#breadcrumb","itemListElement":[{"@type":"ListItem","position":1,"name":"Home","item":"https:\/\/kesklinnahambaravi.ee\/en\/"},{"@type":"ListItem","position":2,"name":"Book appointment"}]},{"@type":"WebSite","@id":"https:\/\/kesklinnahambaravi.ee\/#website","url":"https:\/\/kesklinnahambaravi.ee\/","name":"Kesklinna Hambaravi Tallinnas","description":"30 aastat kogemusi hambaravis","publisher":{"@id":"https:\/\/kesklinnahambaravi.ee\/#organization"},"potentialAction":[{"@type":"SearchAction","target":{"@type":"EntryPoint","urlTemplate":"https:\/\/kesklinnahambaravi.ee\/?s={search_term_string}"},"query-input":{"@type":"PropertyValueSpecification","valueRequired":true,"valueName":"search_term_string"}}],"inLanguage":"en-US"},{"@type":"Organization","@id":"https:\/\/kesklinnahambaravi.ee\/#organization","name":"Kesklinna Hambaravi","url":"https:\/\/kesklinnahambaravi.ee\/","logo":{"@type":"ImageObject","inLanguage":"en-US","@id":"https:\/\/kesklinnahambaravi.ee\/#\/schema\/logo\/image\/","url":"https:\/\/kesklinnahambaravi.ee\/wp-content\/uploads\/2022\/10\/Kesklinna-Hambaravi-Logo.svg","contentUrl":"https:\/\/kesklinnahambaravi.ee\/wp-content\/uploads\/2022\/10\/Kesklinna-Hambaravi-Logo.svg","width":210,"height":49,"caption":"Kesklinna Hambaravi"},"image":{"@id":"https:\/\/kesklinnahambaravi.ee\/#\/schema\/logo\/image\/"}}]}},"_links":{"self":[{"href":"https:\/\/kesklinnahambaravi.ee\/en\/wp-json\/wp\/v2\/pages\/2933"}],"collection":[{"href":"https:\/\/kesklinnahambaravi.ee\/en\/wp-json\/wp\/v2\/pages"}],"about":[{"href":"https:\/\/kesklinnahambaravi.ee\/en\/wp-json\/wp\/v2\/types\/page"}],"author":[{"embeddable":true,"href":"https:\/\/kesklinnahambaravi.ee\/en\/wp-json\/wp\/v2\/users\/2"}],"replies":[{"embeddable":true,"href":"https:\/\/kesklinnahambaravi.ee\/en\/wp-json\/wp\/v2\/comments?post=2933"}],"version-history":[{"count":4,"href":"https:\/\/kesklinnahambaravi.ee\/en\/wp-json\/wp\/v2\/pages\/2933\/revisions"}],"predecessor-version":[{"id":4818,"href":"https:\/\/kesklinnahambaravi.ee\/en\/wp-json\/wp\/v2\/pages\/2933\/revisions\/4818"}],"wp:attachment":[{"href":"https:\/\/kesklinnahambaravi.ee\/en\/wp-json\/wp\/v2\/media?parent=2933"}],"curies":[{"name":"wp","href":"https:\/\/api.w.org\/{rel}","templated":true}]}}